{"id":9,"date":"2020-02-14T16:45:32","date_gmt":"2020-02-14T16:45:32","guid":{"rendered":"https:\/\/taotechia.org\/?page_id=9"},"modified":"2023-10-03T16:17:09","modified_gmt":"2023-10-03T16:17:09","slug":"blog","status":"publish","type":"page","link":"https:\/\/taotechia.org\/index.php\/blog\/","title":{"rendered":"Blog"},"content":{"rendered":"\t\t<div data-elementor-type=\"wp-page\" data-elementor-id=\"9\" class=\"elementor elementor-9\">\n\t\t\t\t\t\t\t<div class=\"elementor-element elementor-element-9d6249f e-flex e-con-boxed e-con e-parent\" data-id=\"9d6249f\" data-element_type=\"container\" data-settings=\"{&quot;content_width&quot;:&quot;boxed&quot;}\" data-core-v316-plus=\"true\">\n\t\t\t\t\t<div class=\"e-con-inner\">\n\t\t\t\t<div class=\"elementor-element elementor-element-1e82288 elementor-widget elementor-widget-heading\" data-id=\"1e82288\" data-element_type=\"widget\" data-widget_type=\"heading.default\">\n\t\t\t\t<div class=\"elementor-widget-container\">\n\t\t\t<style>\/*! elementor - v3.16.0 - 20-09-2023 *\/\n.elementor-heading-title{padding:0;margin:0;line-height:1}.elementor-widget-heading .elementor-heading-title[class*=elementor-size-]>a{color:inherit;font-size:inherit;line-height:inherit}.elementor-widget-heading .elementor-heading-title.elementor-size-small{font-size:15px}.elementor-widget-heading .elementor-heading-title.elementor-size-medium{font-size:19px}.elementor-widget-heading .elementor-heading-title.elementor-size-large{font-size:29px}.elementor-widget-heading .elementor-heading-title.elementor-size-xl{font-size:39px}.elementor-widget-heading .elementor-heading-title.elementor-size-xxl{font-size:59px}<\/style><h2 class=\"elementor-heading-title elementor-size-default\">Blog<\/h2>\t\t<\/div>\n\t\t\t\t<\/div>\n\t\t\t\t\t<\/div>\n\t\t\t\t<\/div>\n\t\t<div class=\"elementor-element elementor-element-5f7005d e-flex e-con-boxed e-con e-parent\" data-id=\"5f7005d\" data-element_type=\"container\" data-settings=\"{&quot;content_width&quot;:&quot;boxed&quot;}\" data-core-v316-plus=\"true\">\n\t\t\t\t\t<div class=\"e-con-inner\">\n\t\t\t\t<div class=\"elementor-element elementor-element-6536d89 elementor-grid-eael-col-4 elementor-grid-tablet-eael-col-2 elementor-grid-mobile-eael-col-1 elementor-widget elementor-widget-eael-post-grid\" data-id=\"6536d89\" data-element_type=\"widget\" data-settings=\"{&quot;eael_post_grid_columns&quot;:&quot;eael-col-4&quot;,&quot;eael_post_grid_columns_tablet&quot;:&quot;eael-col-2&quot;,&quot;eael_post_grid_columns_mobile&quot;:&quot;eael-col-1&quot;}\" data-widget_type=\"eael-post-grid.default\">\n\t\t\t\t<div class=\"elementor-widget-container\">\n\t\t\t<div id=\"eael-post-grid-6536d89\" class=\"eael-post-grid-container\">\n            <div class=\"eael-post-grid eael-post-appender eael-post-appender-6536d89 eael-post-grid-style-default\" data-layout-mode=\"masonry\"><article class=\"eael-grid-post eael-post-grid-column\" data-id=\"2390\">\n        <div class=\"eael-grid-post-holder\">\n            <div class=\"eael-grid-post-holder-inner\"><div class=\"eael-entry-media\"><div class=\"eael-entry-overlay fade-in\"><i class=\"fas fa-long-arrow-alt-right\" aria-hidden=\"true\"><\/i><a href=\"https:\/\/taotechia.org\/index.php\/2020\/08\/19\/ay-los-cabos-entrevista-a-el-gran-master-ruben-garcia-gaytan\/\"><\/a><\/div><div class=\"eael-entry-thumbnail \">\n                <img loading=\"lazy\" decoding=\"async\" width=\"300\" height=\"191\" src=\"https:\/\/taotechia.org\/wp-content\/uploads\/2020\/03\/cropped-aikido-1-300x191.jpg\" class=\"attachment-medium size-medium wp-image-1298\" alt=\"\" srcset=\"https:\/\/taotechia.org\/wp-content\/uploads\/2020\/03\/cropped-aikido-1-300x191.jpg 300w, https:\/\/taotechia.org\/wp-content\/uploads\/2020\/03\/cropped-aikido-1.jpg 720w\" sizes=\"auto, (max-width: 300px) 100vw, 300px\" \/>\n            <\/div>\n        <\/div><div class=\"eael-entry-wrapper\"><header class=\"eael-entry-header\"><h2 class=\"eael-entry-title\"><a\n                        class=\"eael-grid-post-link\"\n                        href=\"https:\/\/taotechia.org\/index.php\/2020\/08\/19\/ay-los-cabos-entrevista-a-el-gran-master-ruben-garcia-gaytan\/\"\n                        title=\"Ay los Cabos! Entrevista a el Gran Master Rub\u00e9n Garc\u00eca Gayt\u00e1n\">Ay los Cabos! Entrevista a el Gran Master Rub\u00e9n Garc\u00eca Gayt\u00e1n<\/a><\/h2><\/header><div class=\"eael-entry-content\">\n                        <div class=\"eael-grid-post-excerpt\"><p>Te invitamos a ver y escuchar una edici\u00f3n m\u00e1s de...<\/p><a\n                            href=\"https:\/\/taotechia.org\/index.php\/2020\/08\/19\/ay-los-cabos-entrevista-a-el-gran-master-ruben-garcia-gaytan\/\"\n                            class=\"eael-post-elements-readmore-btn\">L\u00e9er mas<\/a><\/div>\n                    <\/div><\/div><\/div>\n        <\/div>\n    <\/article><article class=\"eael-grid-post eael-post-grid-column\" data-id=\"2234\">\n        <div class=\"eael-grid-post-holder\">\n            <div class=\"eael-grid-post-holder-inner\"><div class=\"eael-entry-media\"><div class=\"eael-entry-overlay fade-in\"><i class=\"fas fa-long-arrow-alt-right\" aria-hidden=\"true\"><\/i><a href=\"https:\/\/taotechia.org\/index.php\/2020\/04\/24\/recetas-tao-te-chia\/\"><\/a><\/div><div class=\"eael-entry-thumbnail \">\n                <img loading=\"lazy\" decoding=\"async\" width=\"300\" height=\"250\" src=\"https:\/\/taotechia.org\/wp-content\/uploads\/2020\/04\/eaters-collective-6rtm6a_aVyE-unsplash-300x250.jpg\" class=\"attachment-medium size-medium wp-image-2236\" alt=\"\" srcset=\"https:\/\/taotechia.org\/wp-content\/uploads\/2020\/04\/eaters-collective-6rtm6a_aVyE-unsplash-300x250.jpg 300w, https:\/\/taotechia.org\/wp-content\/uploads\/2020\/04\/eaters-collective-6rtm6a_aVyE-unsplash-1024x852.jpg 1024w, https:\/\/taotechia.org\/wp-content\/uploads\/2020\/04\/eaters-collective-6rtm6a_aVyE-unsplash-768x639.jpg 768w, https:\/\/taotechia.org\/wp-content\/uploads\/2020\/04\/eaters-collective-6rtm6a_aVyE-unsplash-1536x1278.jpg 1536w, https:\/\/taotechia.org\/wp-content\/uploads\/2020\/04\/eaters-collective-6rtm6a_aVyE-unsplash-2048x1704.jpg 2048w\" sizes=\"auto, (max-width: 300px) 100vw, 300px\" \/>\n            <\/div>\n        <\/div><div class=\"eael-entry-wrapper\"><header class=\"eael-entry-header\"><h2 class=\"eael-entry-title\"><a\n                        class=\"eael-grid-post-link\"\n                        href=\"https:\/\/taotechia.org\/index.php\/2020\/04\/24\/recetas-tao-te-chia\/\"\n                        title=\"Recetas Tao Te Chia\">Recetas Tao Te Chia<\/a><\/h2><\/header><div class=\"eael-entry-content\">\n                        <div class=\"eael-grid-post-excerpt\"><p>Menu Tortilla de patata Potaje de lenteja Berenjena a la...<\/p><a\n                            href=\"https:\/\/taotechia.org\/index.php\/2020\/04\/24\/recetas-tao-te-chia\/\"\n                            class=\"eael-post-elements-readmore-btn\">L\u00e9er mas<\/a><\/div>\n                    <\/div><\/div><\/div>\n        <\/div>\n    <\/article><article class=\"eael-grid-post eael-post-grid-column\" data-id=\"2046\">\n        <div class=\"eael-grid-post-holder\">\n            <div class=\"eael-grid-post-holder-inner\"><div class=\"eael-entry-media\"><div class=\"eael-entry-overlay fade-in\"><i class=\"fas fa-long-arrow-alt-right\" aria-hidden=\"true\"><\/i><a href=\"https:\/\/taotechia.org\/index.php\/2020\/04\/03\/si-no-puedes-ir-afuera-vayas-adentro\/\"><\/a><\/div><div class=\"eael-entry-thumbnail \">\n                <img loading=\"lazy\" decoding=\"async\" width=\"300\" height=\"200\" src=\"https:\/\/taotechia.org\/wp-content\/uploads\/2020\/03\/cropped-779395_black-scaled-1-300x200.jpg\" class=\"attachment-medium size-medium wp-image-697\" alt=\"\" srcset=\"https:\/\/taotechia.org\/wp-content\/uploads\/2020\/03\/cropped-779395_black-scaled-1-300x200.jpg 300w, https:\/\/taotechia.org\/wp-content\/uploads\/2020\/03\/cropped-779395_black-scaled-1-1024x683.jpg 1024w, https:\/\/taotechia.org\/wp-content\/uploads\/2020\/03\/cropped-779395_black-scaled-1-768x512.jpg 768w, https:\/\/taotechia.org\/wp-content\/uploads\/2020\/03\/cropped-779395_black-scaled-1-1536x1024.jpg 1536w, https:\/\/taotechia.org\/wp-content\/uploads\/2020\/03\/cropped-779395_black-scaled-1-2048x1366.jpg 2048w\" sizes=\"auto, (max-width: 300px) 100vw, 300px\" \/>\n            <\/div>\n        <\/div><div class=\"eael-entry-wrapper\"><header class=\"eael-entry-header\"><h2 class=\"eael-entry-title\"><a\n                        class=\"eael-grid-post-link\"\n                        href=\"https:\/\/taotechia.org\/index.php\/2020\/04\/03\/si-no-puedes-ir-afuera-vayas-adentro\/\"\n                        title=\"Si no puedes ir afuera, vayas adentro\">Si no puedes ir afuera, vayas adentro<\/a><\/h2><\/header><div class=\"eael-entry-content\">\n                        <div class=\"eael-grid-post-excerpt\"><p>Texto en Espa\u00f1ol, Traducci\u00f3n en Ingles, Franc\u00e9s y Italiano Mis...<\/p><a\n                            href=\"https:\/\/taotechia.org\/index.php\/2020\/04\/03\/si-no-puedes-ir-afuera-vayas-adentro\/\"\n                            class=\"eael-post-elements-readmore-btn\">L\u00e9er mas<\/a><\/div>\n                    <\/div><\/div><\/div>\n        <\/div>\n    <\/article><article class=\"eael-grid-post eael-post-grid-column\" data-id=\"2039\">\n        <div class=\"eael-grid-post-holder\">\n            <div class=\"eael-grid-post-holder-inner\"><div class=\"eael-entry-media\"><div class=\"eael-entry-overlay fade-in\"><i class=\"fas fa-long-arrow-alt-right\" aria-hidden=\"true\"><\/i><a href=\"https:\/\/taotechia.org\/index.php\/2020\/04\/03\/entranamientos-en-clase-virtual\/\"><\/a><\/div><div class=\"eael-entry-thumbnail \">\n                <img loading=\"lazy\" decoding=\"async\" width=\"300\" height=\"300\" src=\"https:\/\/taotechia.org\/wp-content\/uploads\/2020\/03\/cropped-medit-300x300.jpg\" class=\"attachment-medium size-medium wp-image-1357\" alt=\"\" srcset=\"https:\/\/taotechia.org\/wp-content\/uploads\/2020\/03\/cropped-medit-300x300.jpg 300w, https:\/\/taotechia.org\/wp-content\/uploads\/2020\/03\/cropped-medit-150x150.jpg 150w, https:\/\/taotechia.org\/wp-content\/uploads\/2020\/03\/cropped-medit.jpg 528w\" sizes=\"auto, (max-width: 300px) 100vw, 300px\" \/>\n            <\/div>\n        <\/div><div class=\"eael-entry-wrapper\"><header class=\"eael-entry-header\"><h2 class=\"eael-entry-title\"><a\n                        class=\"eael-grid-post-link\"\n                        href=\"https:\/\/taotechia.org\/index.php\/2020\/04\/03\/entranamientos-en-clase-virtual\/\"\n                        title=\"Entrenamientos en clase virtual\">Entrenamientos en clase virtual<\/a><\/h2><\/header><div class=\"eael-entry-content\">\n                        <div class=\"eael-grid-post-excerpt\"><p>Entrenamientos en clase virtual Hola guerrer@s! Este es un periodo...<\/p><a\n                            href=\"https:\/\/taotechia.org\/index.php\/2020\/04\/03\/entranamientos-en-clase-virtual\/\"\n                            class=\"eael-post-elements-readmore-btn\">L\u00e9er mas<\/a><\/div>\n                    <\/div><\/div><\/div>\n        <\/div>\n    <\/article><article class=\"eael-grid-post eael-post-grid-column\" data-id=\"1596\">\n        <div class=\"eael-grid-post-holder\">\n            <div class=\"eael-grid-post-holder-inner\"><div class=\"eael-entry-media\"><div class=\"eael-entry-overlay fade-in\"><i class=\"fas fa-long-arrow-alt-right\" aria-hidden=\"true\"><\/i><a href=\"https:\/\/taotechia.org\/index.php\/2020\/03\/21\/la-tortuga\/\"><\/a><\/div><div class=\"eael-entry-thumbnail \">\n                <img loading=\"lazy\" decoding=\"async\" width=\"300\" height=\"225\" src=\"https:\/\/taotechia.org\/wp-content\/uploads\/2020\/03\/tortue-300x225.jpg\" class=\"attachment-medium size-medium wp-image-1603\" alt=\"\" srcset=\"https:\/\/taotechia.org\/wp-content\/uploads\/2020\/03\/tortue-300x225.jpg 300w, https:\/\/taotechia.org\/wp-content\/uploads\/2020\/03\/tortue-1024x768.jpg 1024w, https:\/\/taotechia.org\/wp-content\/uploads\/2020\/03\/tortue-768x576.jpg 768w, https:\/\/taotechia.org\/wp-content\/uploads\/2020\/03\/tortue.jpg 1106w\" sizes=\"auto, (max-width: 300px) 100vw, 300px\" \/>\n            <\/div>\n        <\/div><div class=\"eael-entry-wrapper\"><header class=\"eael-entry-header\"><h2 class=\"eael-entry-title\"><a\n                        class=\"eael-grid-post-link\"\n                        href=\"https:\/\/taotechia.org\/index.php\/2020\/03\/21\/la-tortuga\/\"\n                        title=\"La Tortuga\">La Tortuga<\/a><\/h2><\/header><div class=\"eael-entry-content\">\n                        <div class=\"eael-grid-post-excerpt\"><p>La Tortuga Las culturas orientales siempre han visto las tortugas...<\/p><a\n                            href=\"https:\/\/taotechia.org\/index.php\/2020\/03\/21\/la-tortuga\/\"\n                            class=\"eael-post-elements-readmore-btn\">L\u00e9er mas<\/a><\/div>\n                    <\/div><\/div><\/div>\n        <\/div>\n    <\/article><article class=\"eael-grid-post eael-post-grid-column\" data-id=\"1556\">\n        <div class=\"eael-grid-post-holder\">\n            <div class=\"eael-grid-post-holder-inner\"><div class=\"eael-entry-media\"><div class=\"eael-entry-overlay fade-in\"><i class=\"fas fa-long-arrow-alt-right\" aria-hidden=\"true\"><\/i><a href=\"https:\/\/taotechia.org\/index.php\/2020\/03\/20\/el-dojo\/\"><\/a><\/div><div class=\"eael-entry-thumbnail \">\n                <img loading=\"lazy\" decoding=\"async\" width=\"300\" height=\"199\" src=\"https:\/\/taotechia.org\/wp-content\/uploads\/2020\/03\/cinture-karate-1-300x199.jpg\" class=\"attachment-medium size-medium wp-image-1042\" alt=\"\" srcset=\"https:\/\/taotechia.org\/wp-content\/uploads\/2020\/03\/cinture-karate-1-300x199.jpg 300w, https:\/\/taotechia.org\/wp-content\/uploads\/2020\/03\/cinture-karate-1-1024x680.jpg 1024w, https:\/\/taotechia.org\/wp-content\/uploads\/2020\/03\/cinture-karate-1-768x510.jpg 768w, https:\/\/taotechia.org\/wp-content\/uploads\/2020\/03\/cinture-karate-1.jpg 1434w\" sizes=\"auto, (max-width: 300px) 100vw, 300px\" \/>\n            <\/div>\n        <\/div><div class=\"eael-entry-wrapper\"><header class=\"eael-entry-header\"><h2 class=\"eael-entry-title\"><a\n                        class=\"eael-grid-post-link\"\n                        href=\"https:\/\/taotechia.org\/index.php\/2020\/03\/20\/el-dojo\/\"\n                        title=\"El Dojo\">El Dojo<\/a><\/h2><\/header><div class=\"eael-entry-content\">\n                        <div class=\"eael-grid-post-excerpt\"><p>El Dojo Un dojo no es un gimnasio.En un gimnasio...<\/p><a\n                            href=\"https:\/\/taotechia.org\/index.php\/2020\/03\/20\/el-dojo\/\"\n                            class=\"eael-post-elements-readmore-btn\">L\u00e9er mas<\/a><\/div>\n                    <\/div><\/div><\/div>\n        <\/div>\n    <\/article><article class=\"eael-grid-post eael-post-grid-column\" data-id=\"1\">\n        <div class=\"eael-grid-post-holder\">\n            <div class=\"eael-grid-post-holder-inner\"><div class=\"eael-entry-media\"><div class=\"eael-entry-overlay fade-in\"><i class=\"fas fa-long-arrow-alt-right\" aria-hidden=\"true\"><\/i><a href=\"https:\/\/taotechia.org\/index.php\/2020\/02\/14\/l-arte-marcial\/\"><\/a><\/div><div class=\"eael-entry-thumbnail \">\n                <img loading=\"lazy\" decoding=\"async\" width=\"225\" height=\"300\" src=\"https:\/\/taotechia.org\/wp-content\/uploads\/2020\/03\/69174181_443587776238033_1525847570683789312_n-1-225x300.jpg\" class=\"attachment-medium size-medium wp-image-1016\" alt=\"\" srcset=\"https:\/\/taotechia.org\/wp-content\/uploads\/2020\/03\/69174181_443587776238033_1525847570683789312_n-1-225x300.jpg 225w, https:\/\/taotechia.org\/wp-content\/uploads\/2020\/03\/69174181_443587776238033_1525847570683789312_n-1.jpg 720w\" sizes=\"auto, (max-width: 225px) 100vw, 225px\" \/>\n            <\/div>\n        <\/div><div class=\"eael-entry-wrapper\"><header class=\"eael-entry-header\"><h2 class=\"eael-entry-title\"><a\n                        class=\"eael-grid-post-link\"\n                        href=\"https:\/\/taotechia.org\/index.php\/2020\/02\/14\/l-arte-marcial\/\"\n                        title=\"El Arte Marcial\">El Arte Marcial<\/a><\/h2><\/header><div class=\"eael-entry-content\">\n                        <div class=\"eael-grid-post-excerpt\"><p>El Arte Marcial El Gran M\u00e1ster Rub\u00e9n Garc\u00eda nos expone...<\/p><a\n                            href=\"https:\/\/taotechia.org\/index.php\/2020\/02\/14\/l-arte-marcial\/\"\n                            class=\"eael-post-elements-readmore-btn\">L\u00e9er mas<\/a><\/div>\n                    <\/div><\/div><\/div>\n        <\/div>\n    <\/article><\/div>\n            <div class=\"clearfix\"><\/div>\n        <\/div>\t\t<\/div>\n\t\t\t\t<\/div>\n\t\t\t\t\t<\/div>\n\t\t\t\t<\/div>\n\t\t\t\t\t\t\t<\/div>\n\t\t","protected":false},"excerpt":{"rendered":"<p>Blog Ay los Cabos! Entrevista a el Gran Master Rub\u00e9n Garc\u00eca Gayt\u00e1n Te invitamos a ver y escuchar una edici\u00f3n m\u00e1s de&#8230; L\u00e9er mas Recetas Tao Te Chia Menu Tortilla [&hellip;]<\/p>\n","protected":false},"author":1,"featured_media":0,"parent":0,"menu_order":0,"comment_status":"closed","ping_status":"closed","template":"elementor_header_footer","meta":{"footnotes":""},"class_list":["post-9","page","type-page","status-publish","hentry"],"yoast_head":"<!-- This site is optimized with the Yoast SEO plugin v15.3 - https:\/\/yoast.com\/wordpress\/plugins\/seo\/ -->\n<title>Blog - Team 2<\/title>\n<meta name=\"robots\" content=\"index, follow, max-snippet:-1, max-image-preview:large, max-video-preview:-1\" \/>\n<link rel=\"canonical\" href=\"https:\/\/taotechia.org\/index.php\/blog\/\" \/>\n<meta property=\"og:locale\" content=\"en_US\" \/>\n<meta property=\"og:type\" content=\"article\" \/>\n<meta property=\"og:title\" content=\"Blog - Team 2\" \/>\n<meta property=\"og:description\" content=\"Blog Ay los Cabos! Entrevista a el Gran Master Rub\u00e9n Garc\u00eca Gayt\u00e1n Te invitamos a ver y escuchar una edici\u00f3n m\u00e1s de&#8230; L\u00e9er mas Recetas Tao Te Chia Menu Tortilla [&hellip;]\" \/>\n<meta property=\"og:url\" content=\"https:\/\/taotechia.org\/index.php\/blog\/\" \/>\n<meta property=\"og:site_name\" content=\"Team 2\" \/>\n<meta property=\"article:modified_time\" content=\"2023-10-03T16:17:09+00:00\" \/>\n<meta property=\"og:image\" content=\"https:\/\/taotechia.org\/wp-content\/uploads\/2020\/03\/cropped-aikido-1-300x191.jpg\" \/>\n<meta name=\"twitter:card\" content=\"summary_large_image\" \/>\n<meta name=\"twitter:label1\" content=\"Written by\">\n\t<meta name=\"twitter:data1\" content=\"vikgmdev\">\n\t<meta name=\"twitter:label2\" content=\"Est. reading time\">\n\t<meta name=\"twitter:data2\" content=\"1 minute\">\n<script type=\"application\/ld+json\" class=\"yoast-schema-graph\">{\"@context\":\"https:\/\/schema.org\",\"@graph\":[{\"@type\":\"WebSite\",\"@id\":\"https:\/\/taotechia.org\/#website\",\"url\":\"https:\/\/taotechia.org\/\",\"name\":\"Team 2\",\"description\":\"team-2\",\"potentialAction\":[{\"@type\":\"SearchAction\",\"target\":\"https:\/\/taotechia.org\/?s={search_term_string}\",\"query-input\":\"required name=search_term_string\"}],\"inLanguage\":\"en-US\"},{\"@type\":\"ImageObject\",\"@id\":\"https:\/\/taotechia.org\/index.php\/blog\/#primaryimage\",\"inLanguage\":\"en-US\",\"url\":\"https:\/\/taotechia.org\/wp-content\/uploads\/2020\/03\/cropped-aikido-1.jpg\",\"width\":720,\"height\":459},{\"@type\":\"WebPage\",\"@id\":\"https:\/\/taotechia.org\/index.php\/blog\/#webpage\",\"url\":\"https:\/\/taotechia.org\/index.php\/blog\/\",\"name\":\"Blog - Team 2\",\"isPartOf\":{\"@id\":\"https:\/\/taotechia.org\/#website\"},\"primaryImageOfPage\":{\"@id\":\"https:\/\/taotechia.org\/index.php\/blog\/#primaryimage\"},\"datePublished\":\"2020-02-14T16:45:32+00:00\",\"dateModified\":\"2023-10-03T16:17:09+00:00\",\"breadcrumb\":{\"@id\":\"https:\/\/taotechia.org\/index.php\/blog\/#breadcrumb\"},\"inLanguage\":\"en-US\",\"potentialAction\":[{\"@type\":\"ReadAction\",\"target\":[\"https:\/\/taotechia.org\/index.php\/blog\/\"]}]},{\"@type\":\"BreadcrumbList\",\"@id\":\"https:\/\/taotechia.org\/index.php\/blog\/#breadcrumb\",\"itemListElement\":[{\"@type\":\"ListItem\",\"position\":1,\"item\":{\"@type\":\"WebPage\",\"@id\":\"https:\/\/taotechia.org\/\",\"url\":\"https:\/\/taotechia.org\/\",\"name\":\"navigation\"}},{\"@type\":\"ListItem\",\"position\":2,\"item\":{\"@type\":\"WebPage\",\"@id\":\"https:\/\/taotechia.org\/index.php\/blog\/\",\"url\":\"https:\/\/taotechia.org\/index.php\/blog\/\",\"name\":\"Blog\"}}]}]}<\/script>\n<!-- \/ Yoast SEO plugin. -->","_links":{"self":[{"href":"https:\/\/taotechia.org\/index.php\/wp-json\/wp\/v2\/pages\/9","targetHints":{"allow":["GET"]}}],"collection":[{"href":"https:\/\/taotechia.org\/index.php\/wp-json\/wp\/v2\/pages"}],"about":[{"href":"https:\/\/taotechia.org\/index.php\/wp-json\/wp\/v2\/types\/page"}],"author":[{"embeddable":true,"href":"https:\/\/taotechia.org\/index.php\/wp-json\/wp\/v2\/users\/1"}],"replies":[{"embeddable":true,"href":"https:\/\/taotechia.org\/index.php\/wp-json\/wp\/v2\/comments?post=9"}],"version-history":[{"count":28,"href":"https:\/\/taotechia.org\/index.php\/wp-json\/wp\/v2\/pages\/9\/revisions"}],"predecessor-version":[{"id":2635,"href":"https:\/\/taotechia.org\/index.php\/wp-json\/wp\/v2\/pages\/9\/revisions\/2635"}],"wp:attachment":[{"href":"https:\/\/taotechia.org\/index.php\/wp-json\/wp\/v2\/media?parent=9"}],"curies":[{"name":"wp","href":"https:\/\/api.w.org\/{rel}","templated":true}]}}