{"id":869,"date":"2020-03-08T15:42:42","date_gmt":"2020-03-08T15:42:42","guid":{"rendered":"https:\/\/taotechia.org\/?page_id=869"},"modified":"2023-10-03T16:14:09","modified_gmt":"2023-10-03T16:14:09","slug":"las-artes-marciales","status":"publish","type":"page","link":"https:\/\/taotechia.org\/index.php\/las-artes-marciales\/","title":{"rendered":"Las artes marciales"},"content":{"rendered":"\t\t<div data-elementor-type=\"wp-page\" data-elementor-id=\"869\" class=\"elementor elementor-869\">\n\t\t\t\t\t\t\t<div class=\"elementor-element elementor-element-3da9ed63 e-flex e-con-boxed e-con e-parent\" data-id=\"3da9ed63\" data-element_type=\"container\" data-settings=\"{&quot;background_background&quot;:&quot;slideshow&quot;,&quot;background_slideshow_gallery&quot;:[{&quot;id&quot;:888,&quot;url&quot;:&quot;https:\\\/\\\/taotechia.org\\\/wp-content\\\/uploads\\\/2020\\\/03\\\/333451-men-men_outdoors-martial_arts-silhouette-kimono-belt-nature-trees-clouds-sunset-748x468-1.jpg&quot;}],&quot;content_width&quot;:&quot;boxed&quot;,&quot;background_slideshow_loop&quot;:&quot;yes&quot;,&quot;background_slideshow_slide_duration&quot;:5000,&quot;background_slideshow_slide_transition&quot;:&quot;fade&quot;,&quot;background_slideshow_transition_duration&quot;:500}\" data-core-v316-plus=\"true\">\n\t\t\t\t\t<div class=\"e-con-inner\">\n\t\t\t\t<div class=\"elementor-element elementor-element-538e6c98 elementor-widget elementor-widget-heading\" data-id=\"538e6c98\" data-element_type=\"widget\" data-widget_type=\"heading.default\">\n\t\t\t\t<div class=\"elementor-widget-container\">\n\t\t\t<style>\/*! elementor - v3.16.0 - 20-09-2023 *\/\n.elementor-heading-title{padding:0;margin:0;line-height:1}.elementor-widget-heading .elementor-heading-title[class*=elementor-size-]>a{color:inherit;font-size:inherit;line-height:inherit}.elementor-widget-heading .elementor-heading-title.elementor-size-small{font-size:15px}.elementor-widget-heading .elementor-heading-title.elementor-size-medium{font-size:19px}.elementor-widget-heading .elementor-heading-title.elementor-size-large{font-size:29px}.elementor-widget-heading .elementor-heading-title.elementor-size-xl{font-size:39px}.elementor-widget-heading .elementor-heading-title.elementor-size-xxl{font-size:59px}<\/style><h1 class=\"elementor-heading-title elementor-size-default\">Las Artes Marciales<\/h1>\t\t<\/div>\n\t\t\t\t<\/div>\n\t\t\t\t\t<\/div>\n\t\t\t\t<\/div>\n\t\t<div class=\"elementor-element elementor-element-d4b22ed e-flex e-con-boxed e-con e-parent\" data-id=\"d4b22ed\" data-element_type=\"container\" data-settings=\"{&quot;content_width&quot;:&quot;boxed&quot;}\" data-core-v316-plus=\"true\">\n\t\t\t\t\t<div class=\"e-con-inner\">\n\t\t<div class=\"elementor-element elementor-element-0ccbc91 e-con-full e-flex e-con e-child\" data-id=\"0ccbc91\" data-element_type=\"container\" data-settings=\"{&quot;content_width&quot;:&quot;full&quot;,&quot;background_background&quot;:&quot;slideshow&quot;,&quot;background_slideshow_gallery&quot;:[{&quot;id&quot;:901,&quot;url&quot;:&quot;https:\\\/\\\/taotechia.org\\\/wp-content\\\/uploads\\\/2020\\\/03\\\/cropped-Tai-Chi-Wallpaper-Gallery-1024x576-1.jpg&quot;}],&quot;background_slideshow_loop&quot;:&quot;yes&quot;,&quot;background_slideshow_slide_duration&quot;:5000,&quot;background_slideshow_slide_transition&quot;:&quot;fade&quot;,&quot;background_slideshow_transition_duration&quot;:500}\">\n\t\t\t\t<div class=\"elementor-element elementor-element-4038cf3 elementor-widget elementor-widget-spacer\" data-id=\"4038cf3\" data-element_type=\"widget\" data-widget_type=\"spacer.default\">\n\t\t\t\t<div class=\"elementor-widget-container\">\n\t\t\t<style>\/*! elementor - v3.16.0 - 20-09-2023 *\/\n.elementor-column .elementor-spacer-inner{height:var(--spacer-size)}.e-con{--container-widget-width:100%}.e-con-inner>.elementor-widget-spacer,.e-con>.elementor-widget-spacer{width:var(--container-widget-width,var(--spacer-size));--align-self:var(--container-widget-align-self,initial);--flex-shrink:0}.e-con-inner>.elementor-widget-spacer>.elementor-widget-container,.e-con>.elementor-widget-spacer>.elementor-widget-container{height:100%;width:100%}.e-con-inner>.elementor-widget-spacer>.elementor-widget-container>.elementor-spacer,.e-con>.elementor-widget-spacer>.elementor-widget-container>.elementor-spacer{height:100%}.e-con-inner>.elementor-widget-spacer>.elementor-widget-container>.elementor-spacer>.elementor-spacer-inner,.e-con>.elementor-widget-spacer>.elementor-widget-container>.elementor-spacer>.elementor-spacer-inner{height:var(--container-widget-height,var(--spacer-size))}.e-con-inner>.elementor-widget-spacer.elementor-widget-empty,.e-con>.elementor-widget-spacer.elementor-widget-empty{position:relative;min-height:22px;min-width:22px}.e-con-inner>.elementor-widget-spacer.elementor-widget-empty .elementor-widget-empty-icon,.e-con>.elementor-widget-spacer.elementor-widget-empty .elementor-widget-empty-icon{position:absolute;top:0;bottom:0;left:0;right:0;margin:auto;padding:0;width:22px;height:22px}<\/style>\t\t<div class=\"elementor-spacer\">\n\t\t\t<div class=\"elementor-spacer-inner\"><\/div>\n\t\t<\/div>\n\t\t\t\t<\/div>\n\t\t\t\t<\/div>\n\t\t\t\t<\/div>\n\t\t<div class=\"elementor-element elementor-element-149f5d9 e-con-full e-flex e-con e-child\" data-id=\"149f5d9\" data-element_type=\"container\" data-settings=\"{&quot;content_width&quot;:&quot;full&quot;,&quot;background_background&quot;:&quot;classic&quot;}\">\n\t\t\t\t<div class=\"elementor-element elementor-element-da62d84 elementor-widget elementor-widget-heading\" data-id=\"da62d84\" data-element_type=\"widget\" data-widget_type=\"heading.default\">\n\t\t\t\t<div class=\"elementor-widget-container\">\n\t\t\t<h3 class=\"elementor-heading-title elementor-size-default\">En cualquier direcci\u00f2n vaya, vaya con su coraz\u00f2n.<\/h3>\t\t<\/div>\n\t\t\t\t<\/div>\n\t\t\t\t<\/div>\n\t\t\t\t\t<\/div>\n\t\t\t\t<\/div>\n\t\t<div class=\"elementor-element elementor-element-b1f937f e-flex e-con-boxed e-con e-parent\" data-id=\"b1f937f\" data-element_type=\"container\" data-settings=\"{&quot;background_background&quot;:&quot;classic&quot;,&quot;content_width&quot;:&quot;boxed&quot;}\" data-core-v316-plus=\"true\">\n\t\t\t\t\t<div class=\"e-con-inner\">\n\t\t<div class=\"elementor-element elementor-element-50dd92b e-con-full e-flex e-con e-child\" data-id=\"50dd92b\" data-element_type=\"container\" data-settings=\"{&quot;content_width&quot;:&quot;full&quot;}\">\n\t\t\t\t<div class=\"elementor-element elementor-element-4d42443 elementor-widget elementor-widget-text-editor\" data-id=\"4d42443\" data-element_type=\"widget\" data-widget_type=\"text-editor.default\">\n\t\t\t\t<div class=\"elementor-widget-container\">\n\t\t\t<style>\/*! elementor - v3.16.0 - 20-09-2023 *\/\n.elementor-widget-text-editor.elementor-drop-cap-view-stacked .elementor-drop-cap{background-color:#69727d;color:#fff}.elementor-widget-text-editor.elementor-drop-cap-view-framed .elementor-drop-cap{color:#69727d;border:3px solid;background-color:transparent}.elementor-widget-text-editor:not(.elementor-drop-cap-view-default) .elementor-drop-cap{margin-top:8px}.elementor-widget-text-editor:not(.elementor-drop-cap-view-default) .elementor-drop-cap-letter{width:1em;height:1em}.elementor-widget-text-editor .elementor-drop-cap{float:left;text-align:center;line-height:1;font-size:50px}.elementor-widget-text-editor .elementor-drop-cap-letter{display:inline-block}<\/style>\t\t\t\t<div class=\"h-column h-column-container d-flex h-col-lg-auto h-col-md-auto h-col-auto style-840-outer style-local-869-c20-outer\"><div class=\"d-flex h-flex-basis h-column__inner h-px-lg-2 h-px-md-2 h-px-2 v-inner-lg-2 v-inner-md-2 v-inner-2 style-840 style-local-869-c20 position-relative\" data-colibri-id=\"869-c20\"><div class=\"w-100 h-y-container h-column__content h-column__v-align flex-basis-100 align-self-lg-start align-self-md-start align-self-start\"><div class=\"h-text h-text-component style-841 style-local-869-c21 position-relative h-element\" data-colibri-id=\"869-c21\"><div class=\"\"><p><span style=\"color: rgb(70, 112, 127); font-family: &quot;Open Sans&quot;;\">El nombre de \u201cArtes Marciales\u201d es nuevo, se da oriente en el siglo XIV, pero el concepto data aproximadamente desde el a\u00f1o 2.100 antes de cristo en toda la regi\u00f3n del extremo oriente: China, Jap\u00f3n y Korea.&nbsp;En su ontog\u00e9nesis, el principio es denominado \u201cArte Militar\u201d derivado de los caracteres \u201cWu Yi\u201d (artes militares) and \u201cBu Jutsu\u201d (c\u00f3digo del guerrero) de China y Jap\u00f3n respectivamente. Las t\u00e9cnicas en aquel tiempo, eran sistemas de luchas secuenciales con y sin armas, las cuales las ejecutaban militares leales a las formas de gobierno. Toda la Regi\u00f3n Oriental, pa\u00edses como China, Jap\u00f3n, Corea, Tailandia, Camboya, India, Mongolia, y la Rusia Asi\u00e1tica, han desarrollado por siglos, sistemas de luchas cuerpo a cuerpo con la finalidad de defenderse y conquistar tierras. Sus or\u00edgenes son milenarios, de los cuales a\u00fan permanecen intactos por la cultura y estilos de vida en pa\u00edses como Jap\u00f3n, China y Corea. Aproximadamente durante inicio del siglo XIX (1800-1899) en China y Jap\u00f3n se redefine el concepto de \u201cArte Militar\u201d a \u201cArte Marcial\u201d para darle un sentido de practica entonces es cuando aparecen los \u00e9nfasis de entrenamiento: preparaci\u00f3n f\u00edsica, recuperaci\u00f3n f\u00edsica, la salud, defensa personal, desarrollo personal, desarrollo mental, terapias para la disminuci\u00f3n de la agresividad, desarrollo del car\u00e1cter, autoestima y responsabilidad. La pr\u00e1ctica marcial milenaria, aproximadamente desde el a\u00f1o 2.100 antes de cristo hasta el 250 antes de cristo, se compon\u00eda de dos aspectos, uno espiritual y otro t\u00e9cnico.&nbsp;<\/span><\/p><\/div><\/div><\/div><\/div><\/div><div class=\"h-column h-column-container d-flex h-col-lg-auto h-col-md-auto h-col-auto style-842-outer style-local-869-c22-outer\"><div class=\"d-flex h-flex-basis h-column__inner h-px-lg-2 h-px-md-2 h-px-2 v-inner-lg-2 v-inner-md-2 v-inner-2 style-842 style-local-869-c22 position-relative\" data-colibri-id=\"869-c22\">&nbsp;<\/div><\/div>\t\t\t\t\t\t<\/div>\n\t\t\t\t<\/div>\n\t\t\t\t<\/div>\n\t\t<div class=\"elementor-element elementor-element-270902c7 e-con-full e-flex e-con e-child\" data-id=\"270902c7\" data-element_type=\"container\" data-settings=\"{&quot;content_width&quot;:&quot;full&quot;,&quot;background_background&quot;:&quot;slideshow&quot;,&quot;background_slideshow_gallery&quot;:[],&quot;background_slideshow_loop&quot;:&quot;yes&quot;,&quot;background_slideshow_slide_duration&quot;:5000,&quot;background_slideshow_slide_transition&quot;:&quot;fade&quot;,&quot;background_slideshow_transition_duration&quot;:500}\">\n\t\t\t\t<div class=\"elementor-element elementor-element-12ecf70e elementor-widget elementor-widget-text-editor\" data-id=\"12ecf70e\" data-element_type=\"widget\" data-widget_type=\"text-editor.default\">\n\t\t\t\t<div class=\"elementor-widget-container\">\n\t\t\t\t\t\t\t<div class=\"h-column h-column-container d-flex h-col-lg-auto h-col-md-auto h-col-auto style-840-outer style-local-869-c20-outer\"><div class=\"d-flex h-flex-basis h-column__inner h-px-lg-2 h-px-md-2 h-px-2 v-inner-lg-2 v-inner-md-2 v-inner-2 style-840 style-local-869-c20 position-relative\" data-colibri-id=\"869-c20\"><div class=\"w-100 h-y-container h-column__content h-column__v-align flex-basis-100 align-self-lg-start align-self-md-start align-self-start\"><div class=\"h-text h-text-component style-841 style-local-869-c21 position-relative h-element\" data-colibri-id=\"869-c21\"><div class=\"\"><div class=\"h-row-container gutters-row-lg-2 gutters-row-md-2 gutters-row-0 gutters-row-v-lg-2 gutters-row-v-md-2 gutters-row-v-2 style-839 style-local-869-c19 position-relative\" data-colibri-id=\"869-c19\"><div class=\"h-row justify-content-lg-center justify-content-md-center justify-content-center align-items-lg-stretch align-items-md-stretch align-items-stretch gutters-col-lg-2 gutters-col-md-2 gutters-col-0 gutters-col-v-lg-2 gutters-col-v-md-2 gutters-col-v-2\"><div class=\"h-column h-column-container d-flex h-col-lg-auto h-col-md-auto h-col-auto style-842-outer style-local-869-c22-outer\"><div class=\"d-flex h-flex-basis h-column__inner h-px-lg-2 h-px-md-2 h-px-2 v-inner-lg-2 v-inner-md-2 v-inner-2 style-842 style-local-869-c22 position-relative\" data-colibri-id=\"869-c22\"><div class=\"w-100 h-y-container h-column__content h-column__v-align flex-basis-100 align-self-lg-start align-self-md-start align-self-start\"><div class=\"h-text h-text-component style-843 style-local-869-c23 position-relative h-element\" data-colibri-id=\"869-c23\"><div class=\"\"><p><span style=\"font-family: 'Open Sans'; color: #46707f;\">El espiritual, consist\u00eda del seguimiento de principios religiosos, meditativos, conductuales, y alimenticios. El t\u00e9cnico, consist\u00eda en ejecutar movimientos con y sin armas para cercenar, degollar, fracturar, luxar, derribar, asfixiar, proyectar y golpear. Hoy en d\u00eda, se suprimieron algunos elementos de ambos aspectos y se especializaron en un arte marcial particular, dejando solo la meditaci\u00f3n, valores y t\u00e9cnicas corporales disuasivas. Solo en la defensa personal militar o extrema se aplican las t\u00e9cnicas letales ya que se requiere de un entrenamiento intenso, especializado en aspectos f\u00edsicos, psicol\u00f3gicos y nutricionales. Durante el desarrollo de las dinast\u00edas Ming, Qi y Tang en China se comienza a utilizar las artes militares como m\u00e9todo preventivo para el deterioro de la salud mental y f\u00edsica, esto fue aproximadamente entre los a\u00f1os 527 antes de cristo y el a\u00f1o 907 despu\u00e9s de cristo. Por efectos mercantiles, culturales y de emigraci\u00f3n, este conocimiento fue llevado a Jap\u00f3n, Corea y otros pa\u00edses de la regi\u00f3n, se combinaros con los sistemas de lucha y modos de vida nativos dando origen a los diferentes sistemas de combate corporal conocidos en la actualidad. La evoluci\u00f3n de estas \u201cArtes Militares\u201d, las podemos encontrar en \u201cArtes Marciales\u201d como el karate, Aikido, Judo, Taekwondo, Kung fu, JiuJitsu, como artes marciales m\u00e1s practicadas en el mundo.<\/span><\/p><\/div><\/div><\/div><\/div><\/div><\/div><\/div><div class=\"h-row-container gutters-row-lg-2 gutters-row-md-2 gutters-row-0 gutters-row-v-lg-2 gutters-row-v-md-2 gutters-row-v-2 style-833 style-local-869-c13 position-relative\" data-colibri-id=\"869-c13\"><div class=\"h-row justify-content-lg-center justify-content-md-center justify-content-center align-items-lg-stretch align-items-md-stretch align-items-stretch gutters-col-lg-2 gutters-col-md-2 gutters-col-0 gutters-col-v-lg-2 gutters-col-v-md-2 gutters-col-v-2\"><div class=\"h-column h-column-container d-flex h-col-lg-auto h-col-md-auto h-col-auto style-834-outer style-local-869-c14-outer\"><div class=\"d-flex h-flex-basis h-column__inner h-px-lg-2 h-px-md-2 h-px-2 v-inner-lg-2 v-inner-md-2 v-inner-2 style-834 style-local-869-c14 position-relative\" data-colibri-id=\"869-c14\"><p>\u00a0<\/p><\/div><\/div><\/div><\/div><\/div><\/div><\/div><\/div><\/div><div class=\"h-column h-column-container d-flex h-col-lg-auto h-col-md-auto h-col-auto style-842-outer style-local-869-c22-outer\">\u00a0<\/div>\t\t\t\t\t\t<\/div>\n\t\t\t\t<\/div>\n\t\t\t\t<\/div>\n\t\t\t\t\t<\/div>\n\t\t\t\t<\/div>\n\t\t<div class=\"elementor-element elementor-element-623dbc5 e-flex e-con-boxed e-con e-parent\" data-id=\"623dbc5\" data-element_type=\"container\" data-settings=\"{&quot;background_background&quot;:&quot;classic&quot;,&quot;content_width&quot;:&quot;boxed&quot;}\" data-core-v316-plus=\"true\">\n\t\t\t\t\t<div class=\"e-con-inner\">\n\t\t<div class=\"elementor-element elementor-element-1fc21a9 e-con-full e-flex e-con e-child\" data-id=\"1fc21a9\" data-element_type=\"container\" data-settings=\"{&quot;content_width&quot;:&quot;full&quot;,&quot;background_background&quot;:&quot;slideshow&quot;,&quot;background_slideshow_gallery&quot;:[{&quot;id&quot;:991,&quot;url&quot;:&quot;https:\\\/\\\/taotechia.org\\\/wp-content\\\/uploads\\\/2020\\\/03\\\/250px-BodhidharmaYoshitoshi1887-1.jpg&quot;}],&quot;background_slideshow_loop&quot;:&quot;yes&quot;,&quot;background_slideshow_slide_duration&quot;:5000,&quot;background_slideshow_slide_transition&quot;:&quot;fade&quot;,&quot;background_slideshow_transition_duration&quot;:500}\">\n\t\t\t\t<div class=\"elementor-element elementor-element-d75ce8b elementor-widget elementor-widget-spacer\" data-id=\"d75ce8b\" data-element_type=\"widget\" data-widget_type=\"spacer.default\">\n\t\t\t\t<div class=\"elementor-widget-container\">\n\t\t\t\t\t<div class=\"elementor-spacer\">\n\t\t\t<div class=\"elementor-spacer-inner\"><\/div>\n\t\t<\/div>\n\t\t\t\t<\/div>\n\t\t\t\t<\/div>\n\t\t\t\t<\/div>\n\t\t<div class=\"elementor-element elementor-element-e880c5b e-con-full e-flex e-con e-child\" data-id=\"e880c5b\" data-element_type=\"container\" data-settings=\"{&quot;content_width&quot;:&quot;full&quot;,&quot;background_background&quot;:&quot;slideshow&quot;,&quot;background_slideshow_gallery&quot;:[],&quot;background_slideshow_loop&quot;:&quot;yes&quot;,&quot;background_slideshow_slide_duration&quot;:5000,&quot;background_slideshow_slide_transition&quot;:&quot;fade&quot;,&quot;background_slideshow_transition_duration&quot;:500}\">\n\t\t\t\t<div class=\"elementor-element elementor-element-53c2e52 elementor-widget elementor-widget-text-editor\" data-id=\"53c2e52\" data-element_type=\"widget\" data-widget_type=\"text-editor.default\">\n\t\t\t\t<div class=\"elementor-widget-container\">\n\t\t\t\t\t\t\t<div class=\"h-column h-column-container d-flex h-col-lg-auto h-col-md-auto h-col-auto style-840-outer style-local-869-c20-outer\"><div class=\"d-flex h-flex-basis h-column__inner h-px-lg-2 h-px-md-2 h-px-2 v-inner-lg-2 v-inner-md-2 v-inner-2 style-840 style-local-869-c20 position-relative\" data-colibri-id=\"869-c20\"><div class=\"w-100 h-y-container h-column__content h-column__v-align flex-basis-100 align-self-lg-start align-self-md-start align-self-start\"><div class=\"h-text h-text-component style-841 style-local-869-c21 position-relative h-element\" data-colibri-id=\"869-c21\"><div class=\"\"><div class=\"h-row-container gutters-row-lg-2 gutters-row-md-2 gutters-row-0 gutters-row-v-lg-2 gutters-row-v-md-2 gutters-row-v-2 style-839 style-local-869-c19 position-relative\" data-colibri-id=\"869-c19\"><div class=\"h-row justify-content-lg-center justify-content-md-center justify-content-center align-items-lg-stretch align-items-md-stretch align-items-stretch gutters-col-lg-2 gutters-col-md-2 gutters-col-0 gutters-col-v-lg-2 gutters-col-v-md-2 gutters-col-v-2\"><div class=\"h-column h-column-container d-flex h-col-lg-auto h-col-md-auto h-col-auto style-842-outer style-local-869-c22-outer\"><div class=\"d-flex h-flex-basis h-column__inner h-px-lg-2 h-px-md-2 h-px-2 v-inner-lg-2 v-inner-md-2 v-inner-2 style-842 style-local-869-c22 position-relative\" data-colibri-id=\"869-c22\"><div class=\"w-100 h-y-container h-column__content h-column__v-align flex-basis-100 align-self-lg-start align-self-md-start align-self-start\"><div class=\"h-text h-text-component style-843 style-local-869-c23 position-relative h-element\" data-colibri-id=\"869-c23\"><div class=\"\"><p><span style=\"color: #46707f; font-family: 'Open Sans';\">Boddidharma o &#8220;Da Mo&#8221; <\/span><span style=\"color: #46707f; font-family: 'Open Sans';\">Monje de origen persa, fundador de la forma de budismo Zen. Conocido como el Maestro Leg\u00edtimo de las Artes Marciales. Al llegar a Songshan (la monta\u00f1a central de China) Da Mo se estableci\u00f3 en Shaolin para iniciar con su ense\u00f1anza. Hacia el norte del monasterio, a medio camino hacia la monta\u00f1a de los cinco animales, hay una peque\u00f1a cueva, del tama\u00f1o de un cuarto peque\u00f1o, la cual mira directamente hacia el sol. Al inicio de su vida en Shaolin, Da Mo sol\u00eda escalar la monta\u00f1a durante el d\u00eda y sentarse en la cueva frente a la pared en estado de chana (meditaci\u00f3n chan) y durante las tardes bajaba al monasterio a conversar de budismo con los otros monjes. Pero despu\u00e9s de un tiempo ya no baj\u00f3 al monasterio, sino que se qued\u00f3 sentado frente a la pared, concentrado en lo fundamental. As\u00ed pasaron los a\u00f1os, y cuando se cansaba se pon\u00eda de pie y comenzaba a hacer ejercicios, algunos imitando a los movimientos y estrategias de defensa de los animales que observaba a su alrededor, desarrollando lo que despu\u00e9s se conocer\u00eda como Gong Fu Shaolin (mal traducido en occidente como Kung Fu Shaolin). Una vez que el entumecimiento hab\u00eda desaparecido, volv\u00eda a la cueva, se sentaba, se deshac\u00eda de todo pensamiento y guardaba silencio.<\/span><\/p><\/div><\/div><\/div><\/div><\/div><\/div><\/div><\/div><\/div><\/div><\/div><\/div>\t\t\t\t\t\t<\/div>\n\t\t\t\t<\/div>\n\t\t\t\t<\/div>\n\t\t\t\t\t<\/div>\n\t\t\t\t<\/div>\n\t\t\t\t\t\t\t<\/div>\n\t\t","protected":false},"excerpt":{"rendered":"<p>Las Artes Marciales En cualquier direcci\u00f2n vaya, vaya con su coraz\u00f2n. El nombre de \u201cArtes Marciales\u201d es nuevo, se da oriente en el siglo XIV, pero el concepto data aproximadamente [&hellip;]<\/p>\n","protected":false},"author":3,"featured_media":0,"parent":0,"menu_order":0,"comment_status":"closed","ping_status":"closed","template":"elementor_header_footer","meta":{"footnotes":""},"class_list":["post-869","page","type-page","status-publish","hentry"],"yoast_head":"<!-- This site is optimized with the Yoast SEO plugin v15.3 - https:\/\/yoast.com\/wordpress\/plugins\/seo\/ -->\n<title>Las artes marciales - Team 2<\/title>\n<meta name=\"robots\" content=\"index, follow, max-snippet:-1, max-image-preview:large, max-video-preview:-1\" \/>\n<link rel=\"canonical\" href=\"https:\/\/taotechia.org\/index.php\/las-artes-marciales\/\" \/>\n<meta property=\"og:locale\" content=\"en_US\" \/>\n<meta property=\"og:type\" content=\"article\" \/>\n<meta property=\"og:title\" content=\"Las artes marciales - Team 2\" \/>\n<meta property=\"og:description\" content=\"Las Artes Marciales En cualquier direcci\u00f2n vaya, vaya con su coraz\u00f2n. El nombre de \u201cArtes Marciales\u201d es nuevo, se da oriente en el siglo XIV, pero el concepto data aproximadamente [&hellip;]\" \/>\n<meta property=\"og:url\" content=\"https:\/\/taotechia.org\/index.php\/las-artes-marciales\/\" \/>\n<meta property=\"og:site_name\" content=\"Team 2\" \/>\n<meta property=\"article:modified_time\" content=\"2023-10-03T16:14:09+00:00\" \/>\n<meta name=\"twitter:card\" content=\"summary_large_image\" \/>\n<meta name=\"twitter:label1\" content=\"Written by\">\n\t<meta name=\"twitter:data1\" content=\"Christopher\">\n\t<meta name=\"twitter:label2\" content=\"Est. reading time\">\n\t<meta name=\"twitter:data2\" content=\"3 minutes\">\n<script type=\"application\/ld+json\" class=\"yoast-schema-graph\">{\"@context\":\"https:\/\/schema.org\",\"@graph\":[{\"@type\":\"WebSite\",\"@id\":\"https:\/\/taotechia.org\/#website\",\"url\":\"https:\/\/taotechia.org\/\",\"name\":\"Team 2\",\"description\":\"team-2\",\"potentialAction\":[{\"@type\":\"SearchAction\",\"target\":\"https:\/\/taotechia.org\/?s={search_term_string}\",\"query-input\":\"required name=search_term_string\"}],\"inLanguage\":\"en-US\"},{\"@type\":\"WebPage\",\"@id\":\"https:\/\/taotechia.org\/index.php\/las-artes-marciales\/#webpage\",\"url\":\"https:\/\/taotechia.org\/index.php\/las-artes-marciales\/\",\"name\":\"Las artes marciales - Team 2\",\"isPartOf\":{\"@id\":\"https:\/\/taotechia.org\/#website\"},\"datePublished\":\"2020-03-08T15:42:42+00:00\",\"dateModified\":\"2023-10-03T16:14:09+00:00\",\"breadcrumb\":{\"@id\":\"https:\/\/taotechia.org\/index.php\/las-artes-marciales\/#breadcrumb\"},\"inLanguage\":\"en-US\",\"potentialAction\":[{\"@type\":\"ReadAction\",\"target\":[\"https:\/\/taotechia.org\/index.php\/las-artes-marciales\/\"]}]},{\"@type\":\"BreadcrumbList\",\"@id\":\"https:\/\/taotechia.org\/index.php\/las-artes-marciales\/#breadcrumb\",\"itemListElement\":[{\"@type\":\"ListItem\",\"position\":1,\"item\":{\"@type\":\"WebPage\",\"@id\":\"https:\/\/taotechia.org\/\",\"url\":\"https:\/\/taotechia.org\/\",\"name\":\"navigation\"}},{\"@type\":\"ListItem\",\"position\":2,\"item\":{\"@type\":\"WebPage\",\"@id\":\"https:\/\/taotechia.org\/index.php\/las-artes-marciales\/\",\"url\":\"https:\/\/taotechia.org\/index.php\/las-artes-marciales\/\",\"name\":\"Las artes marciales\"}}]}]}<\/script>\n<!-- \/ Yoast SEO plugin. -->","_links":{"self":[{"href":"https:\/\/taotechia.org\/index.php\/wp-json\/wp\/v2\/pages\/869","targetHints":{"allow":["GET"]}}],"collection":[{"href":"https:\/\/taotechia.org\/index.php\/wp-json\/wp\/v2\/pages"}],"about":[{"href":"https:\/\/taotechia.org\/index.php\/wp-json\/wp\/v2\/types\/page"}],"author":[{"embeddable":true,"href":"https:\/\/taotechia.org\/index.php\/wp-json\/wp\/v2\/users\/3"}],"replies":[{"embeddable":true,"href":"https:\/\/taotechia.org\/index.php\/wp-json\/wp\/v2\/comments?post=869"}],"version-history":[{"count":15,"href":"https:\/\/taotechia.org\/index.php\/wp-json\/wp\/v2\/pages\/869\/revisions"}],"predecessor-version":[{"id":2629,"href":"https:\/\/taotechia.org\/index.php\/wp-json\/wp\/v2\/pages\/869\/revisions\/2629"}],"wp:attachment":[{"href":"https:\/\/taotechia.org\/index.php\/wp-json\/wp\/v2\/media?parent=869"}],"curies":[{"name":"wp","href":"https:\/\/api.w.org\/{rel}","templated":true}]}}