{"id":128,"date":"2020-03-05T18:21:21","date_gmt":"2020-03-05T18:21:21","guid":{"rendered":"https:\/\/taotechia.org\/?page_id=128"},"modified":"2021-08-10T17:54:50","modified_gmt":"2021-08-10T17:54:50","slug":"fiama","status":"publish","type":"page","link":"https:\/\/taotechia.org\/index.php\/fiama\/","title":{"rendered":"FIAMA"},"content":{"rendered":"<div data-colibri-id=\"128-c1\" class=\"style-854 style-local-128-c1 position-relative\">\n  <!----><\/p>\n<div data-colibri-component=\"section\" data-colibri-id=\"128-c2\" id=\"custom\" class=\"h-section h-section-global-spacing d-flex align-items-lg-center align-items-md-center align-items-center style-855 style-local-128-c2 position-relative\">\n    <!----><br \/>\n    <!----><\/p>\n<div class=\"h-section-grid-container h-section-boxed-container\">\n      <!----><\/p>\n<div data-colibri-id=\"128-c3\" class=\"h-row-container gutters-row-lg-2 gutters-row-md-2 gutters-row-0 gutters-row-v-lg-2 gutters-row-v-md-2 gutters-row-v-2 style-856 style-local-128-c3 position-relative\">\n        <!----><\/p>\n<div class=\"h-row justify-content-lg-center justify-content-md-center justify-content-center align-items-lg-stretch align-items-md-stretch align-items-stretch gutters-col-lg-2 gutters-col-md-2 gutters-col-0 gutters-col-v-lg-2 gutters-col-v-md-2 gutters-col-v-2\">\n          <!----><\/p>\n<div class=\"h-column h-column-container d-flex h-col-lg-auto h-col-md-auto h-col-auto style-857-outer style-local-128-c4-outer\">\n<div data-colibri-id=\"128-c4\" class=\"d-flex h-flex-basis h-column__inner h-px-lg-2 h-px-md-2 h-px-2 v-inner-lg-2 v-inner-md-2 v-inner-2 style-857 style-local-128-c4 position-relative\">\n              <!----><br \/>\n              <!----><\/p>\n<div class=\"w-100 h-y-container h-column__content h-column__v-align flex-basis-100 align-self-lg-start align-self-md-start align-self-start\">\n                <!----><\/p>\n<div data-colibri-id=\"128-c5\" class=\"h-global-transition-all h-heading style-1177 style-local-128-c5 position-relative h-element\">\n                  <!----><\/p>\n<div class=\"h-heading__outer style-1177 style-local-128-c5\">\n                    <!----><br \/>\n                    <!----><\/p>\n<h1 class=\"\">Historia<\/h1>\n<\/p><\/div>\n<\/p><\/div>\n<\/p><\/div>\n<\/p><\/div>\n<\/p><\/div>\n<\/p><\/div>\n<\/p><\/div>\n<\/p><\/div>\n<\/p><\/div>\n<div data-colibri-component=\"section\" data-colibri-id=\"128-c6\" id=\"custom-2\" class=\"h-section h-section-global-spacing d-flex align-items-lg-center align-items-md-center align-items-center style-1167 style-local-128-c6 position-relative\">\n    <!----><br \/>\n    <!----><\/p>\n<div class=\"h-section-grid-container h-section-boxed-container\">\n      <!----><\/p>\n<div data-colibri-id=\"128-c7\" class=\"h-row-container gutters-row-lg-2 gutters-row-md-2 gutters-row-0 gutters-row-v-lg-2 gutters-row-v-md-2 gutters-row-v-2 style-1174 style-local-128-c7 position-relative\">\n        <!----><\/p>\n<div class=\"h-row justify-content-lg-center justify-content-md-center justify-content-center align-items-lg-stretch align-items-md-stretch align-items-stretch gutters-col-lg-2 gutters-col-md-2 gutters-col-0 gutters-col-v-lg-2 gutters-col-v-md-2 gutters-col-v-2\">\n          <!----><\/p>\n<div class=\"h-column h-column-container d-flex h-col-lg-auto h-col-md-auto h-col-auto style-1175-outer style-local-128-c8-outer\">\n<div data-colibri-id=\"128-c8\" class=\"d-flex h-flex-basis h-column__inner h-px-lg-2 h-px-md-2 h-px-2 v-inner-lg-2 v-inner-md-2 v-inner-2 style-1175 style-local-128-c8 position-relative\">\n              <!----><br \/>\n              <!----><\/p>\n<div class=\"w-100 h-y-container h-column__content h-column__v-align flex-basis-100 align-self-lg-start align-self-md-start align-self-start\">\n                <!----><\/p>\n<div data-colibri-id=\"128-c9\" class=\"h-global-transition-all h-heading style-1176 style-local-128-c9 position-relative h-element\">\n                  <!----><\/p>\n<div class=\"h-heading__outer style-1176 style-local-128-c9\">\n                    <!----><br \/>\n                    <!----><\/p>\n<h1 class=\"\">Breve historia de los encuentros internacionales<\/h1>\n<\/p><\/div>\n<\/p><\/div>\n<\/p><\/div>\n<\/p><\/div>\n<\/p><\/div>\n<\/p><\/div>\n<\/p><\/div>\n<div data-colibri-id=\"128-c10\" class=\"h-row-container gutters-row-lg-2 gutters-row-md-2 gutters-row-0 gutters-row-v-lg-2 gutters-row-v-md-2 gutters-row-v-2 style-1168 style-local-128-c10 position-relative\">\n        <!----><\/p>\n<div class=\"h-row justify-content-lg-center justify-content-md-center justify-content-center align-items-lg-stretch align-items-md-stretch align-items-stretch gutters-col-lg-2 gutters-col-md-2 gutters-col-0 gutters-col-v-lg-2 gutters-col-v-md-2 gutters-col-v-2\">\n          <!----><\/p>\n<div class=\"h-column h-column-container d-flex h-col-lg-auto h-col-md-auto h-col-auto style-1169-outer style-local-128-c11-outer\">\n<div data-colibri-id=\"128-c11\" class=\"d-flex h-flex-basis h-column__inner h-px-lg-2 h-px-md-2 h-px-2 v-inner-lg-2 v-inner-md-2 v-inner-2 style-1169 style-local-128-c11 position-relative\">\n              <!----><br \/>\n              <!----><\/p>\n<div class=\"w-100 h-y-container h-column__content h-column__v-align flex-basis-100 align-self-lg-start align-self-md-start align-self-start\">\n                <!----><\/p>\n<div data-colibri-id=\"128-c12\" class=\"h-text h-text-component style-1170 style-local-128-c12 position-relative h-element\">\n                  <!----><br \/>\n                  <!----><\/p>\n<div class=\"\">\n<p>FIAMA (Festival Internacional de Artes Marciales)<\/p>\n<p>En el a\u00f1o de 1991 se llev\u00f3 a cabo el 1er Encuentro Mundial de Artes Marciales en la ciudad de La Paz, Baja California Sur, Mexico.<\/p>\n<p>El comit\u00e9 Organizador fue encabezado por el Gran Master Jos\u00e9 Marcelli Nolli (el Gran Dragon), seguido de nuestro Gran Master Rub\u00e9n Garc\u00eda Gayt\u00e1n y como Asesor General y Director T\u00e9cnico el Gran M\u00e0ster Salom\u00f2n Esquivel, co-fundador<br \/>\n                      del Arte Marcial Polinesio Lima Lama.<\/p>\n<p>Desde entonces los Encuentros Internacionales se han llevado a cabo en distintos pa\u00edses, no obstante mencionamos algunas de las sedes que se han llevado a cabo en M\u00e9xico: Coatepec, Oaxtepec, Guanajuato, San Luis Potos\u00ed, Distrito Federal,<br \/>\n                      Guadalajara, M\u00e9rida y Quer\u00e9taro.<\/p>\n<\/p><\/div>\n<\/p><\/div>\n<\/p><\/div>\n<\/p><\/div>\n<\/p><\/div>\n<div class=\"h-column h-column-container d-flex h-col-lg-auto h-col-md-auto h-col-auto style-1178-outer style-local-128-c13-outer\">\n<div data-colibri-id=\"128-c13\" class=\"d-flex h-flex-basis h-column__inner h-px-lg-2 h-px-md-2 h-px-2 v-inner-lg-2 v-inner-md-2 v-inner-2 style-1178 style-local-128-c13 position-relative\">\n              <!----><br \/>\n              <!----><\/p>\n<div class=\"w-100 h-y-container h-column__content h-column__v-align flex-basis-100 align-self-lg-start align-self-md-start align-self-start\">\n                <!----><\/p>\n<div data-colibri-id=\"128-c14\" class=\"d-block style-1179 style-local-128-c14 position-relative h-element\">\n                  <!----><\/p>\n<div class=\"h-image__frame-container-outer\">\n<div class=\"h-image__frame-container\">\n                      <!----><br \/>\n                      <!----><br \/>\n                      <img loading=\"lazy\" decoding=\"async\" width=\"1093\" height=\"582\" src=\"https:\/\/taotechia.org\/wp-content\/uploads\/2020\/03\/cropped-WhatsApp-Image-2020-03-20-at-13.18.55.jpeg\" class=\"wp-image-1562 style-1179-image style-local-128-c14-image\" srcset=\"https:\/\/taotechia.org\/wp-content\/uploads\/2020\/03\/cropped-WhatsApp-Image-2020-03-20-at-13.18.55.jpeg 1093w, https:\/\/taotechia.org\/wp-content\/uploads\/2020\/03\/cropped-WhatsApp-Image-2020-03-20-at-13.18.55-300x160.jpeg 300w, https:\/\/taotechia.org\/wp-content\/uploads\/2020\/03\/cropped-WhatsApp-Image-2020-03-20-at-13.18.55-1024x545.jpeg 1024w, https:\/\/taotechia.org\/wp-content\/uploads\/2020\/03\/cropped-WhatsApp-Image-2020-03-20-at-13.18.55-768x409.jpeg 768w\" sizes=\"auto, (max-width: 1093px) 100vw, 1093px\" \/><\/p>\n<div class=\"h-image__frame h-hide-lg h-hide-md h-hide-sm style-1179-frameImage style-local-128-c14-frameImage\"><\/div>\n<\/p><\/div>\n<\/p><\/div>\n<\/p><\/div>\n<\/p><\/div>\n<\/p><\/div>\n<\/p><\/div>\n<\/p><\/div>\n<\/p><\/div>\n<\/p><\/div>\n<\/p><\/div>\n<div data-colibri-component=\"section\" data-colibri-id=\"128-c15\" id=\"custom-3\" class=\"h-section h-section-global-spacing d-flex align-items-lg-center align-items-md-center align-items-center style-1231 style-local-128-c15 position-relative\">\n    <!----><br \/>\n    <!----><\/p>\n<div class=\"h-section-grid-container h-section-boxed-container\">\n      <!----><\/p>\n<div data-colibri-id=\"128-c16\" class=\"h-row-container gutters-row-lg-2 gutters-row-md-2 gutters-row-0 gutters-row-v-lg-2 gutters-row-v-md-2 gutters-row-v-2 style-1232 style-local-128-c16 position-relative\">\n        <!----><\/p>\n<div class=\"h-row justify-content-lg-center justify-content-md-center justify-content-center align-items-lg-stretch align-items-md-stretch align-items-stretch gutters-col-lg-2 gutters-col-md-2 gutters-col-0 gutters-col-v-lg-2 gutters-col-v-md-2 gutters-col-v-2\">\n          <!----><\/p>\n<div class=\"h-column h-column-container d-flex h-col-lg-auto h-col-md-auto h-col-auto style-1233-outer style-local-128-c17-outer\">\n<div data-colibri-id=\"128-c17\" class=\"d-flex h-flex-basis h-column__inner h-px-lg-2 h-px-md-2 h-px-2 v-inner-lg-2 v-inner-md-2 v-inner-2 style-1233 style-local-128-c17 position-relative\">\n              <!----><br \/>\n              <!----><\/p>\n<div class=\"w-100 h-y-container h-column__content h-column__v-align flex-basis-100 align-self-lg-start align-self-md-start align-self-start\">\n                <!----><\/p>\n<div data-colibri-id=\"128-c18\" class=\"d-block style-1235 style-local-128-c18 position-relative h-element\">\n                  <!----><\/p>\n<div class=\"h-image__frame-container-outer\">\n<div class=\"h-image__frame-container\">\n                      <!----><br \/>\n                      <!----><br \/>\n                      <img loading=\"lazy\" decoding=\"async\" width=\"1200\" height=\"1600\" src=\"https:\/\/taotechia.org\/wp-content\/uploads\/2020\/03\/WhatsApp-Image-2020-03-20-at-13.21.55.jpeg\" class=\"wp-image-1642 style-1235-image style-local-128-c18-image\" srcset=\"https:\/\/taotechia.org\/wp-content\/uploads\/2020\/03\/WhatsApp-Image-2020-03-20-at-13.21.55.jpeg 1200w, https:\/\/taotechia.org\/wp-content\/uploads\/2020\/03\/WhatsApp-Image-2020-03-20-at-13.21.55-225x300.jpeg 225w, https:\/\/taotechia.org\/wp-content\/uploads\/2020\/03\/WhatsApp-Image-2020-03-20-at-13.21.55-768x1024.jpeg 768w, https:\/\/taotechia.org\/wp-content\/uploads\/2020\/03\/WhatsApp-Image-2020-03-20-at-13.21.55-1152x1536.jpeg 1152w\" sizes=\"auto, (max-width: 1200px) 100vw, 1200px\" \/><\/p>\n<div class=\"h-image__frame h-hide-lg h-hide-md h-hide-sm style-1235-frameImage style-local-128-c18-frameImage\"><\/div>\n<\/p><\/div>\n<\/p><\/div>\n<\/p><\/div>\n<div data-colibri-id=\"128-c19\" class=\"h-text h-text-component style-1237 style-local-128-c19 position-relative h-element\">\n                  <!----><br \/>\n                  <!----><\/p>\n<div class=\"\">\n<p>El primer FIAMA, La Paz 1991<\/p>\n<\/p><\/div>\n<\/p><\/div>\n<\/p><\/div>\n<\/p><\/div>\n<\/p><\/div>\n<div class=\"h-column h-column-container d-flex h-col-lg-auto h-col-md-auto h-col-auto style-1234-outer style-local-128-c20-outer\">\n<div data-colibri-id=\"128-c20\" class=\"d-flex h-flex-basis h-column__inner h-px-lg-2 h-px-md-2 h-px-2 v-inner-lg-2 v-inner-md-2 v-inner-2 style-1234 style-local-128-c20 position-relative\">\n              <!----><br \/>\n              <!----><\/p>\n<div class=\"w-100 h-y-container h-column__content h-column__v-align flex-basis-100 align-self-lg-start align-self-md-start align-self-start\">\n                <!----><\/p>\n<div data-colibri-id=\"128-c21\" class=\"d-block style-1241 style-local-128-c21 position-relative h-element\">\n                  <!----><\/p>\n<div class=\"h-image__frame-container-outer\">\n                    <a href=\"https:\/\/taotechia.org\/index.php\/fiama-2013\/ \" h-use-smooth-scroll=\"true\" class=\"image-link\"><\/p>\n<div class=\"h-image__frame-container\">\n                        <!----><br \/>\n                        <!----><br \/>\n                        <img loading=\"lazy\" decoding=\"async\" width=\"734\" height=\"964\" src=\"https:\/\/taotechia.org\/wp-content\/uploads\/2020\/03\/2013_Guanajuato.jpg\" class=\"wp-image-1651 style-1241-image style-local-128-c21-image\" srcset=\"https:\/\/taotechia.org\/wp-content\/uploads\/2020\/03\/2013_Guanajuato.jpg 734w, https:\/\/taotechia.org\/wp-content\/uploads\/2020\/03\/2013_Guanajuato-228x300.jpg 228w\" sizes=\"auto, (max-width: 734px) 100vw, 734px\" \/><\/p>\n<div class=\"h-image__frame h-hide-lg h-hide-md h-hide-sm style-1241-frameImage style-local-128-c21-frameImage\"><\/div>\n<\/p><\/div>\n<p>                    <\/a>\n                  <\/div>\n<\/p><\/div>\n<div data-colibri-id=\"128-c22\" class=\"h-text h-text-component style-1243 style-local-128-c22 position-relative h-element\">\n                  <!----><br \/>\n                  <!----><\/p>\n<div class=\"\">\n<p>Guanajuato, 2013<\/p>\n<\/p><\/div>\n<\/p><\/div>\n<\/p><\/div>\n<\/p><\/div>\n<\/p><\/div>\n<div class=\"h-column h-column-container d-flex h-col-lg-auto h-col-md-auto h-col-auto style-1239-outer style-local-128-c23-outer\">\n<div data-colibri-id=\"128-c23\" class=\"d-flex h-flex-basis h-column__inner h-px-lg-2 h-px-md-2 h-px-2 v-inner-lg-2 v-inner-md-2 v-inner-2 style-1239 style-local-128-c23 position-relative\">\n              <!----><br \/>\n              <!----><\/p>\n<div class=\"w-100 h-y-container h-column__content h-column__v-align flex-basis-100 align-self-lg-start align-self-md-start align-self-start\">\n                <!----><\/p>\n<div data-colibri-id=\"128-c24\" class=\"d-block style-1236 style-local-128-c24 position-relative h-element\">\n                  <!----><\/p>\n<div class=\"h-image__frame-container-outer\">\n                    <a href=\"https:\/\/taotechia.org\/index.php\/fiama-2015\/\" h-use-smooth-scroll=\"true\" class=\"image-link\"><\/p>\n<div class=\"h-image__frame-container\">\n                        <!----><br \/>\n                        <!----><br \/>\n                        <img loading=\"lazy\" decoding=\"async\" width=\"1200\" height=\"1600\" src=\"https:\/\/taotechia.org\/wp-content\/uploads\/2020\/03\/WhatsApp-Image-2020-03-20-at-13.30.15.jpeg\" class=\"wp-image-1650 style-1236-image style-local-128-c24-image\" srcset=\"https:\/\/taotechia.org\/wp-content\/uploads\/2020\/03\/WhatsApp-Image-2020-03-20-at-13.30.15.jpeg 1200w, https:\/\/taotechia.org\/wp-content\/uploads\/2020\/03\/WhatsApp-Image-2020-03-20-at-13.30.15-225x300.jpeg 225w, https:\/\/taotechia.org\/wp-content\/uploads\/2020\/03\/WhatsApp-Image-2020-03-20-at-13.30.15-768x1024.jpeg 768w, https:\/\/taotechia.org\/wp-content\/uploads\/2020\/03\/WhatsApp-Image-2020-03-20-at-13.30.15-1152x1536.jpeg 1152w\" sizes=\"auto, (max-width: 1200px) 100vw, 1200px\" \/><\/p>\n<div class=\"h-image__frame h-hide-lg h-hide-md h-hide-sm style-1236-frameImage style-local-128-c24-frameImage\"><\/div>\n<\/p><\/div>\n<p>                    <\/a>\n                  <\/div>\n<\/p><\/div>\n<div data-colibri-id=\"128-c25\" class=\"h-text h-text-component style-1238 style-local-128-c25 position-relative h-element\">\n                  <!----><br \/>\n                  <!----><\/p>\n<div class=\"\">\n<p> San Luis Potos\u00ec, 2015<\/p>\n<\/p><\/div>\n<\/p><\/div>\n<\/p><\/div>\n<\/p><\/div>\n<\/p><\/div>\n<div class=\"h-column h-column-container d-flex h-col-lg-auto h-col-md-auto h-col-auto style-1240-outer style-local-128-c26-outer\">\n<div data-colibri-id=\"128-c26\" class=\"d-flex h-flex-basis h-column__inner h-px-lg-2 h-px-md-2 h-px-2 v-inner-lg-2 v-inner-md-2 v-inner-2 style-1240 style-local-128-c26 position-relative\">\n              <!----><br \/>\n              <!----><\/p>\n<div class=\"w-100 h-y-container h-column__content h-column__v-align flex-basis-100 align-self-lg-start align-self-md-start align-self-start\">\n                <!----><\/p>\n<div data-colibri-id=\"128-c27\" class=\"d-block style-1242 style-local-128-c27 position-relative h-element\">\n                  <!----><\/p>\n<div class=\"h-image__frame-container-outer\">\n<div class=\"h-image__frame-container\">\n                      <!----><br \/>\n                      <!----><br \/>\n                      <img loading=\"lazy\" decoding=\"async\" width=\"989\" height=\"1280\" src=\"https:\/\/taotechia.org\/wp-content\/uploads\/2020\/03\/2019_Queretaro.jpg\" class=\"wp-image-1652 style-1242-image style-local-128-c27-image\" srcset=\"https:\/\/taotechia.org\/wp-content\/uploads\/2020\/03\/2019_Queretaro.jpg 989w, https:\/\/taotechia.org\/wp-content\/uploads\/2020\/03\/2019_Queretaro-232x300.jpg 232w, https:\/\/taotechia.org\/wp-content\/uploads\/2020\/03\/2019_Queretaro-791x1024.jpg 791w, https:\/\/taotechia.org\/wp-content\/uploads\/2020\/03\/2019_Queretaro-768x994.jpg 768w\" sizes=\"auto, (max-width: 989px) 100vw, 989px\" \/><\/p>\n<div class=\"h-image__frame h-hide-lg h-hide-md h-hide-sm style-1242-frameImage style-local-128-c27-frameImage\"><\/div>\n<\/p><\/div>\n<\/p><\/div>\n<\/p><\/div>\n<div data-colibri-id=\"128-c28\" class=\"h-text h-text-component style-1244 style-local-128-c28 position-relative h-element\">\n                  <!----><br \/>\n                  <!----><\/p>\n<div class=\"\">\n<p>Quer\u00e9taro, 2019<\/p>\n<\/p><\/div>\n<\/p><\/div>\n<\/p><\/div>\n<\/p><\/div>\n<\/p><\/div>\n<\/p><\/div>\n<\/p><\/div>\n<\/p><\/div>\n<\/p><\/div>\n<\/div>\n","protected":false},"excerpt":{"rendered":"<p>Historia Breve historia de los encuentros internacionales FIAMA (Festival Internacional de Artes Marciales) En el a\u00f1o de 1991 se llev\u00f3 a cabo el 1er Encuentro Mundial de Artes Marciales en [&hellip;]<\/p>\n","protected":false},"author":3,"featured_media":0,"parent":0,"menu_order":0,"comment_status":"closed","ping_status":"closed","template":"page-templates\/full-width-page.php","meta":{"footnotes":""},"class_list":["post-128","page","type-page","status-publish","hentry"],"yoast_head":"<!-- This site is optimized with the Yoast SEO plugin v15.3 - https:\/\/yoast.com\/wordpress\/plugins\/seo\/ -->\n<title>FIAMA - Team 2<\/title>\n<meta name=\"robots\" content=\"index, follow, max-snippet:-1, max-image-preview:large, max-video-preview:-1\" \/>\n<link rel=\"canonical\" href=\"https:\/\/taotechia.org\/index.php\/fiama\/\" \/>\n<meta property=\"og:locale\" content=\"en_US\" \/>\n<meta property=\"og:type\" content=\"article\" \/>\n<meta property=\"og:title\" content=\"FIAMA - Team 2\" \/>\n<meta property=\"og:description\" content=\"Historia Breve historia de los encuentros internacionales FIAMA (Festival Internacional de Artes Marciales) En el a\u00f1o de 1991 se llev\u00f3 a cabo el 1er Encuentro Mundial de Artes Marciales en [&hellip;]\" \/>\n<meta property=\"og:url\" content=\"https:\/\/taotechia.org\/index.php\/fiama\/\" \/>\n<meta property=\"og:site_name\" content=\"Team 2\" \/>\n<meta property=\"article:modified_time\" content=\"2021-08-10T17:54:50+00:00\" \/>\n<meta property=\"og:image\" content=\"https:\/\/taotechia.org\/wp-content\/uploads\/2020\/03\/cropped-WhatsApp-Image-2020-03-20-at-13.18.55.jpeg\" \/>\n<meta name=\"twitter:card\" content=\"summary_large_image\" \/>\n<meta name=\"twitter:label1\" content=\"Written by\">\n\t<meta name=\"twitter:data1\" content=\"Christopher\">\n\t<meta name=\"twitter:label2\" content=\"Est. reading time\">\n\t<meta name=\"twitter:data2\" content=\"1 minute\">\n<script type=\"application\/ld+json\" class=\"yoast-schema-graph\">{\"@context\":\"https:\/\/schema.org\",\"@graph\":[{\"@type\":\"WebSite\",\"@id\":\"https:\/\/taotechia.org\/#website\",\"url\":\"https:\/\/taotechia.org\/\",\"name\":\"Team 2\",\"description\":\"team-2\",\"potentialAction\":[{\"@type\":\"SearchAction\",\"target\":\"https:\/\/taotechia.org\/?s={search_term_string}\",\"query-input\":\"required name=search_term_string\"}],\"inLanguage\":\"en-US\"},{\"@type\":\"ImageObject\",\"@id\":\"https:\/\/taotechia.org\/index.php\/fiama\/#primaryimage\",\"inLanguage\":\"en-US\",\"url\":\"https:\/\/taotechia.org\/wp-content\/uploads\/2020\/03\/cropped-WhatsApp-Image-2020-03-20-at-13.18.55.jpeg\",\"width\":1093,\"height\":582},{\"@type\":\"WebPage\",\"@id\":\"https:\/\/taotechia.org\/index.php\/fiama\/#webpage\",\"url\":\"https:\/\/taotechia.org\/index.php\/fiama\/\",\"name\":\"FIAMA - Team 2\",\"isPartOf\":{\"@id\":\"https:\/\/taotechia.org\/#website\"},\"primaryImageOfPage\":{\"@id\":\"https:\/\/taotechia.org\/index.php\/fiama\/#primaryimage\"},\"datePublished\":\"2020-03-05T18:21:21+00:00\",\"dateModified\":\"2021-08-10T17:54:50+00:00\",\"breadcrumb\":{\"@id\":\"https:\/\/taotechia.org\/index.php\/fiama\/#breadcrumb\"},\"inLanguage\":\"en-US\",\"potentialAction\":[{\"@type\":\"ReadAction\",\"target\":[\"https:\/\/taotechia.org\/index.php\/fiama\/\"]}]},{\"@type\":\"BreadcrumbList\",\"@id\":\"https:\/\/taotechia.org\/index.php\/fiama\/#breadcrumb\",\"itemListElement\":[{\"@type\":\"ListItem\",\"position\":1,\"item\":{\"@type\":\"WebPage\",\"@id\":\"https:\/\/taotechia.org\/\",\"url\":\"https:\/\/taotechia.org\/\",\"name\":\"navigation\"}},{\"@type\":\"ListItem\",\"position\":2,\"item\":{\"@type\":\"WebPage\",\"@id\":\"https:\/\/taotechia.org\/index.php\/fiama\/\",\"url\":\"https:\/\/taotechia.org\/index.php\/fiama\/\",\"name\":\"FIAMA\"}}]}]}<\/script>\n<!-- \/ Yoast SEO plugin. -->","_links":{"self":[{"href":"https:\/\/taotechia.org\/index.php\/wp-json\/wp\/v2\/pages\/128","targetHints":{"allow":["GET"]}}],"collection":[{"href":"https:\/\/taotechia.org\/index.php\/wp-json\/wp\/v2\/pages"}],"about":[{"href":"https:\/\/taotechia.org\/index.php\/wp-json\/wp\/v2\/types\/page"}],"author":[{"embeddable":true,"href":"https:\/\/taotechia.org\/index.php\/wp-json\/wp\/v2\/users\/3"}],"replies":[{"embeddable":true,"href":"https:\/\/taotechia.org\/index.php\/wp-json\/wp\/v2\/comments?post=128"}],"version-history":[{"count":13,"href":"https:\/\/taotechia.org\/index.php\/wp-json\/wp\/v2\/pages\/128\/revisions"}],"predecessor-version":[{"id":2454,"href":"https:\/\/taotechia.org\/index.php\/wp-json\/wp\/v2\/pages\/128\/revisions\/2454"}],"wp:attachment":[{"href":"https:\/\/taotechia.org\/index.php\/wp-json\/wp\/v2\/media?parent=128"}],"curies":[{"name":"wp","href":"https:\/\/api.w.org\/{rel}","templated":true}]}}